{"id":1505,"date":"2025-01-05T12:30:43","date_gmt":"2025-01-05T12:30:43","guid":{"rendered":"https:\/\/neotype.ai\/aviso-legal\/"},"modified":"2025-08-25T10:05:05","modified_gmt":"2025-08-25T10:05:05","slug":"aviso-legal","status":"publish","type":"page","link":"https:\/\/neotype.ai\/es\/aviso-legal\/","title":{"rendered":"Aviso Legal"},"content":{"rendered":"\t\t<div data-elementor-type=\"wp-page\" data-elementor-id=\"1505\" class=\"elementor elementor-1505 elementor-869\" data-elementor-post-type=\"page\">\n\t\t\t\t<div class=\"elementor-element elementor-element-d26e2c4 e-flex e-con-boxed e-con e-parent\" data-id=\"d26e2c4\" data-element_type=\"container\" data-e-type=\"container\">\n\t\t\t\t\t<div class=\"e-con-inner\">\n\t\t\t\t<div class=\"elementor-element elementor-element-1dbb8d7 elementor-widget-tablet__width-inherit elementor-widget elementor-widget-heading\" data-id=\"1dbb8d7\" data-element_type=\"widget\" data-e-type=\"widget\" data-widget_type=\"heading.default\">\n\t\t\t\t\t<h1 class=\"elementor-heading-title elementor-size-default\">Documento legal Neotype<\/h1>\t\t\t\t<\/div>\n\t\t\t\t<div class=\"elementor-element elementor-element-8501fb4 elementor-widget elementor-widget-text-editor\" data-id=\"8501fb4\" data-element_type=\"widget\" data-e-type=\"widget\" data-widget_type=\"text-editor.default\">\n\t\t\t\t\t\t\t\t\t<p>Por favor, lee todas las secciones de este Aviso Legal antes de utilizar este sitio web. Las siguientes condiciones son vinculantes para cualquier usuario del mismo. <\/p><p>En cumplimiento con el deber de informaci\u00f3n recogido en la Ley 34\/2002, de 11 de julio, de Servicios de la Sociedad de la Informaci\u00f3n y de Comercio Electr\u00f3nico (LSSI-CE), as\u00ed como en las distintas normas de Derecho Internacional Privado sobre la materia, a continuaci\u00f3n se indican los datos de informaci\u00f3n general de este sitio web.<br><br>El motivo de este texto es explicar detalladamente las funcionalidades de este sitio web y facilitarte informaci\u00f3n relacionada con el titular del sitio web y la finalidad de los contenidos incluidos en el mismo.<\/p>\t\t\t\t\t\t\t\t<\/div>\n\t\t\t\t<div class=\"elementor-element elementor-element-49ebec5 elementor-widget-tablet__width-inherit elementor-widget elementor-widget-heading\" data-id=\"49ebec5\" data-element_type=\"widget\" data-e-type=\"widget\" data-widget_type=\"heading.default\">\n\t\t\t\t\t<h2 class=\"elementor-heading-title elementor-size-default\">Datos de identificaci\u00f3n<\/h2>\t\t\t\t<\/div>\n\t\t\t\t<div class=\"elementor-element elementor-element-2e3f222 elementor-widget elementor-widget-text-editor\" data-id=\"2e3f222\" data-element_type=\"widget\" data-e-type=\"widget\" data-widget_type=\"text-editor.default\">\n\t\t\t\t\t\t\t\t\t<p>El presente Aviso Legal regula el uso del sitio web www.csgcorporation.com y de la plataforma Neotype, inform\u00e1ndote en cumplimiento de la Ley 34\/2002, de 11 de julio, de Servicios de la Sociedad de la Informaci\u00f3n y de Comercio Electr\u00f3nico, as\u00ed como de las normas de Derecho Internacional Privado sobre la materia, de los siguientes extremos:<\/p><p><b>Nombre de la empresa:<\/b> Collective Software Group, S.L.<br><b>Direcci\u00f3n:<\/b> Avenida del Chorrico 15, 30500, Molina de Segura, Murcia, Espa\u00f1a<br><b>Correo electr\u00f3nico: <\/b>info@csgcorporation.es<br><b>Tel\u00e9fono:<\/b> 968 939 676<br><b>CIF:<\/b> B16363970<br><b>Horario:<\/b> de 09:00h a 17:00h<br><b>Datos registrales: <\/b>Registro Mercantil de Murcia. Volumen 3652, folio 38, inscripci\u00f3n 1 con hoja MU-111413&lt;br &gt;<br><b>Representantes legales:<\/b> Jos\u00e9 Baquero Cabrera<br><b>SOFTWARE:<\/b> Neotype.<\/p>\t\t\t\t\t\t\t\t<\/div>\n\t\t\t\t<div class=\"elementor-element elementor-element-9f9d349 elementor-widget-tablet__width-inherit elementor-widget elementor-widget-heading\" data-id=\"9f9d349\" data-element_type=\"widget\" data-e-type=\"widget\" data-widget_type=\"heading.default\">\n\t\t\t\t\t<h2 class=\"elementor-heading-title elementor-size-default\">Uso del sitio web y obligaciones de los usuarios<\/h2>\t\t\t\t<\/div>\n\t\t\t\t<div class=\"elementor-element elementor-element-d605a73 elementor-widget elementor-widget-text-editor\" data-id=\"d605a73\" data-element_type=\"widget\" data-e-type=\"widget\" data-widget_type=\"text-editor.default\">\n\t\t\t\t\t\t\t\t\t<p>El usuario se compromete a utilizar el sitio web, sus contenidos y sus servicios sin contravenir la legislaci\u00f3n vigente, los usos generalmente aceptados y el orden p\u00fablico.<\/p><p>Queda prohibido el uso del sitio web con fines il\u00edcitos o lesivos contra Collective Software Group, S.L. o terceros, que de cualquier forma puedan causar perjuicio o impedir el normal uso del sitio web o de la plataforma.<\/p><p>Collective Software Group, S.L. garantiza que los contenidos y servicios ofrecidos por el portal respetan el principio de dignidad humana, la protecci\u00f3n de la juventud y de la infancia, y la no discriminaci\u00f3n por motivos de raza, sexo, religi\u00f3n, opini\u00f3n, nacionalidad, discapacidad o cualquier otro aspecto personal y\/o social.<\/p><p>Las presentes Condiciones Generales de Uso del sitio web no confieren al usuario ning\u00fan otro derecho de utilizaci\u00f3n, alteraci\u00f3n, explotaci\u00f3n, reproducci\u00f3n, distribuci\u00f3n o comunicaci\u00f3n p\u00fablica de los contenidos del sitio web distintos de los aqu\u00ed expresamente previstos.<\/p><p>Los contenidos (informaci\u00f3n, archivos de sonido y\/o imagen, fotograf\u00edas, dise\u00f1os, etc.) recogidos en el portal son propiedad de Collective Software Group, S.L. o se encuentra debidamente autorizada para su difusi\u00f3n por sus leg\u00edtimos titulares.<\/p><p>Collective Software Group, S.L. se compromete a no realizar publicidad enga\u00f1osa y, por tanto, queda prohibida:<\/p><ul><li>La utilizaci\u00f3n para cualquier tipo de fines comerciales o publicitarios, distintos de los estrictamente permitidos.<\/li><li>Su reproducci\u00f3n, publicaci\u00f3n, distribuci\u00f3n o modificaci\u00f3n, total o parcial, a menos que se cuente con la autorizaci\u00f3n previa, por escrito, de sus leg\u00edtimos titulares o resulte legalmente permitido.<\/li><li>Cualquier vulneraci\u00f3n de los derechos de Collective Software Group, S.L. o de sus leg\u00edtimos titulares sobre los mismos.<\/li><\/ul>\t\t\t\t\t\t\t\t<\/div>\n\t\t\t\t<div class=\"elementor-element elementor-element-1d0dbb4 elementor-widget-tablet__width-inherit elementor-widget elementor-widget-heading\" data-id=\"1d0dbb4\" data-element_type=\"widget\" data-e-type=\"widget\" data-widget_type=\"heading.default\">\n\t\t\t\t\t<h2 class=\"elementor-heading-title elementor-size-default\">Pa\u00edses en los que se puede prestar el servicio<\/h2>\t\t\t\t<\/div>\n\t\t\t\t<div class=\"elementor-element elementor-element-ace8f6a elementor-widget elementor-widget-text-editor\" data-id=\"ace8f6a\" data-element_type=\"widget\" data-e-type=\"widget\" data-widget_type=\"text-editor.default\">\n\t\t\t\t\t\t\t\t\t<p>Debido a la legislaci\u00f3n estadounidense, no se pueden prestar servicios en pa\u00edses sancionados por el Departamento del Tesoro, ya sean sanciones generales o selectivas. Esto est\u00e1 regulado principalmente por la Oficina de Control de Activos Extranjeros (OFAC) del Departamento del Tesoro de EEUU y la Oficina de Industria y Seguridad (BIS) del Departamento de Comercio de EEUU. <\/p><p>Puedes consultar las sanciones en tiempo real en el siguiente enlace: B\u00fasqueda en la lista de sanciones<br>Si necesitas m\u00e1s informaci\u00f3n o un estudio de caso concreto, ponte en contacto con nosotros por correo electr\u00f3nico en info@csgcorporation.es.<\/p>\t\t\t\t\t\t\t\t<\/div>\n\t\t\t\t<div class=\"elementor-element elementor-element-3b9fc37 elementor-widget-tablet__width-inherit elementor-widget elementor-widget-heading\" data-id=\"3b9fc37\" data-element_type=\"widget\" data-e-type=\"widget\" data-widget_type=\"heading.default\">\n\t\t\t\t\t<h2 class=\"elementor-heading-title elementor-size-default\">Propiedad intelectual e industrial<\/h2>\t\t\t\t<\/div>\n\t\t\t\t<div class=\"elementor-element elementor-element-9b5f48e elementor-widget elementor-widget-text-editor\" data-id=\"9b5f48e\" data-element_type=\"widget\" data-e-type=\"widget\" data-widget_type=\"text-editor.default\">\n\t\t\t\t\t\t\t\t\t<p><span style=\"font-family: -apple-system, BlinkMacSystemFont, 'Segoe UI', Roboto, 'Helvetica Neue', Arial, 'Noto Sans', sans-serif, 'Apple Color Emoji', 'Segoe UI Emoji', 'Segoe UI Symbol', 'Noto Color Emoji';\">El usuario reconoce y acepta que todos los derechos de propiedad industrial e intelectual sobre los contenidos y\/o cualesquiera otros elementos insertados en el sitio web pertenecen a Collective Software Group, S.L. o cuenta con la debida autorizaci\u00f3n para su difusi\u00f3n en este sitio web.<\/span><\/p><p>En el caso de que un usuario o un tercero consideren que se ha producido una violaci\u00f3n de sus leg\u00edtimos derechos de propiedad intelectual por la introducci\u00f3n de un determinado contenido en la web, deber\u00e1 notificar dicha circunstancia a Collective Software Group, S.L. indicando:<\/p><ul><li>Datos del titular de los derechos presuntamente infringidos, o indicaci\u00f3n de la representaci\u00f3n con la que act\u00faa en el caso de que la reclamaci\u00f3n la presente un tercero distinto del interesado.<\/li><li>Indicaci\u00f3n de los contenidos protegidos por los derechos de propiedad intelectual y su ubicaci\u00f3n en la Web, la acreditaci\u00f3n de los derechos de propiedad intelectual se\u00f1alados y declaraci\u00f3n expresa en la que el interesado se responsabiliza de la veracidad de las informaciones facilitadas en la notificaci\u00f3n.<\/li><\/ul>\t\t\t\t\t\t\t\t<\/div>\n\t\t\t\t<div class=\"elementor-element elementor-element-d7486f8 elementor-widget-tablet__width-inherit elementor-widget elementor-widget-heading\" data-id=\"d7486f8\" data-element_type=\"widget\" data-e-type=\"widget\" data-widget_type=\"heading.default\">\n\t\t\t\t\t<h2 class=\"elementor-heading-title elementor-size-default\">Enlaces<\/h2>\t\t\t\t<\/div>\n\t\t\t\t<div class=\"elementor-element elementor-element-27c76ac elementor-widget elementor-widget-text-editor\" data-id=\"27c76ac\" data-element_type=\"widget\" data-e-type=\"widget\" data-widget_type=\"text-editor.default\">\n\t\t\t\t\t\t\t\t\t<p>Este sitio web proporciona enlaces a otros sitios web y contenidos que son propiedad de terceros. Su \u00fanica finalidad es la de proporcionar al usuario la posibilidad de acceder a dichos sitios web. Collective Software Group, S.L. no se responsabiliza en ning\u00fan caso de los resultados que puedan derivarse al usuario por acceso a dichos enlaces.  <\/p><p>El sitio web en el que se establezca el enlace no contendr\u00e1 ninguna marca, denominaci\u00f3n, logotipo, eslogan u otros signos distintivos pertenecientes a Collective Software Group, S.L., salvo aquellos que hayan sido expresamente autorizados.<\/p><p>El usuario que se proponga establecer cualquier dispositivo t\u00e9cnico de enlace desde su sitio web al portal deber\u00e1 obtener la autorizaci\u00f3n previa y escrita de Collective Software Group, S.L. El establecimiento del enlace no implica en ning\u00fan caso la existencia de relaciones entre Collective Software Group, S.L. y el propietario del sitio en el que se establezca el enlace, ni la aceptaci\u00f3n o aprobaci\u00f3n por parte de Collective Software Group, S.L. de sus contenidos o servicios.<\/p>\t\t\t\t\t\t\t\t<\/div>\n\t\t\t\t<div class=\"elementor-element elementor-element-56e4bbf elementor-widget-tablet__width-inherit elementor-widget elementor-widget-heading\" data-id=\"56e4bbf\" data-element_type=\"widget\" data-e-type=\"widget\" data-widget_type=\"heading.default\">\n\t\t\t\t\t<h2 class=\"elementor-heading-title elementor-size-default\">Modificaci\u00f3n unilateral y duraci\u00f3n<\/h2>\t\t\t\t<\/div>\n\t\t\t\t<div class=\"elementor-element elementor-element-c4effbc elementor-widget elementor-widget-text-editor\" data-id=\"c4effbc\" data-element_type=\"widget\" data-e-type=\"widget\" data-widget_type=\"text-editor.default\">\n\t\t\t\t\t\t\t\t\t<p>Collective Software Group, S.L. se reserva el derecho a modificar, en cualquier momento y sin aviso previo, la presentaci\u00f3n y configuraci\u00f3n del sitio web, as\u00ed como el presente Aviso Legal.<\/p>\t\t\t\t\t\t\t\t<\/div>\n\t\t\t\t<div class=\"elementor-element elementor-element-aa74c8b elementor-widget-tablet__width-inherit elementor-widget elementor-widget-heading\" data-id=\"aa74c8b\" data-element_type=\"widget\" data-e-type=\"widget\" data-widget_type=\"heading.default\">\n\t\t\t\t\t<h2 class=\"elementor-heading-title elementor-size-default\">Exclusi\u00f3n de garant\u00edas y responsabilidad<\/h2>\t\t\t\t<\/div>\n\t\t\t\t<div class=\"elementor-element elementor-element-672194c elementor-widget elementor-widget-text-editor\" data-id=\"672194c\" data-element_type=\"widget\" data-e-type=\"widget\" data-widget_type=\"text-editor.default\">\n\t\t\t\t\t\t\t\t\t<p>Collective Software Group, S.L. no otorga ninguna garant\u00eda ni se hace responsable, en ning\u00fan caso, de los da\u00f1os y perjuicios de cualquier naturaleza que pudieran traer causa de:<\/p><ul><li>La falta disponibilidad, mantenimiento y efectivo funcionamiento del sitio web y\/o de sus servicios o contenidos.<\/li><li>La existencia de virus, programas maliciosos o da\u00f1inos en el contenido.<\/li><li>El uso il\u00edcito, negligente, fraudulento, contrario a las presentes condiciones, a la buena fe, a los usos generalmente aceptados o al orden p\u00fablico, del sitio web, sus servicios o contenidos, por parte de los usuarios.<\/li><\/ul>\t\t\t\t\t\t\t\t<\/div>\n\t\t\t\t<div class=\"elementor-element elementor-element-df8c8b0 elementor-widget-tablet__width-inherit elementor-widget elementor-widget-heading\" data-id=\"df8c8b0\" data-element_type=\"widget\" data-e-type=\"widget\" data-widget_type=\"heading.default\">\n\t\t\t\t\t<h2 class=\"elementor-heading-title elementor-size-default\">Tratamiento de datos personales<\/h2>\t\t\t\t<\/div>\n\t\t\t\t<div class=\"elementor-element elementor-element-d50108d elementor-widget elementor-widget-text-editor\" data-id=\"d50108d\" data-element_type=\"widget\" data-e-type=\"widget\" data-widget_type=\"text-editor.default\">\n\t\t\t\t\t\t\t\t\t<p>Collective Software Group, S.L. Tal y como se recoge en su \u00abPOL\u00cdTICA DE PRIVACIDAD\u00bb que puede ser consultada en este sitio web, ha adoptado los niveles de seguridad adecuados a los datos que trata y gestiona, incorporando todos los medios y medidas t\u00e9cnicas a su alcance para garantizar su confidencialidad, evitar su mal uso, p\u00e9rdida, alteraci\u00f3n, acceso no autorizado y robo.<\/p>\t\t\t\t\t\t\t\t<\/div>\n\t\t\t\t<div class=\"elementor-element elementor-element-754465e elementor-widget-tablet__width-inherit elementor-widget elementor-widget-heading\" data-id=\"754465e\" data-element_type=\"widget\" data-e-type=\"widget\" data-widget_type=\"heading.default\">\n\t\t\t\t\t<h2 class=\"elementor-heading-title elementor-size-default\">Legislaci\u00f3n y jurisdicci\u00f3n aplicables<\/h2>\t\t\t\t<\/div>\n\t\t\t\t<div class=\"elementor-element elementor-element-246f43b elementor-widget elementor-widget-text-editor\" data-id=\"246f43b\" data-element_type=\"widget\" data-e-type=\"widget\" data-widget_type=\"text-editor.default\">\n\t\t\t\t\t\t\t\t\t<p>Para la resoluci\u00f3n de todas las controversias o cuestiones relacionadas con el presente sitio web o de las actividades en \u00e9l desarrolladas, ser\u00e1 de aplicaci\u00f3n la legislaci\u00f3n espa\u00f1ola, a la que se someten expresamente las partes, siendo competentes para la resoluci\u00f3n de todos los conflictos derivados o relacionados con su uso, los Juzgados y Tribunales del domicilio del demandante que se identifique como consumidor, en su defecto los Juzgados y Tribunales competentes ser\u00e1n los de la ciudad de Murcia (Espa\u00f1a).<\/p>\t\t\t\t\t\t\t\t<\/div>\n\t\t\t\t<div class=\"elementor-element elementor-element-bc61316 elementor-widget-tablet__width-inherit elementor-widget elementor-widget-heading\" data-id=\"bc61316\" data-element_type=\"widget\" data-e-type=\"widget\" data-widget_type=\"heading.default\">\n\t\t\t\t\t<h2 class=\"elementor-heading-title elementor-size-default\">Contactar<\/h2>\t\t\t\t<\/div>\n\t\t\t\t<div class=\"elementor-element elementor-element-9c0a81b elementor-widget elementor-widget-text-editor\" data-id=\"9c0a81b\" data-element_type=\"widget\" data-e-type=\"widget\" data-widget_type=\"text-editor.default\">\n\t\t\t\t\t\t\t\t\t<p>En caso de que cualquier usuario tuviese alguna duda acerca de este Aviso Legal o cualquier comentario sobre el mismo, puede ponerse en contacto con info@csgcorporation.es o enviar una comunicaci\u00f3n por escrito a la direcci\u00f3n que figura en el encabezamiento.<\/p>\t\t\t\t\t\t\t\t<\/div>\n\t\t\t\t\t<\/div>\n\t\t\t\t<\/div>\n\t\t<div class=\"elementor-element elementor-element-3c85632 e-flex e-con-boxed e-con e-parent\" data-id=\"3c85632\" data-element_type=\"container\" data-e-type=\"container\" data-settings=\"{&quot;background_background&quot;:&quot;classic&quot;}\">\n\t\t\t\t\t<div class=\"e-con-inner\">\n\t\t<div class=\"elementor-element elementor-element-45d9f86 e-con-full e-flex e-con e-child\" data-id=\"45d9f86\" data-element_type=\"container\" data-e-type=\"container\" data-settings=\"{&quot;background_background&quot;:&quot;classic&quot;}\">\n\t\t<div class=\"elementor-element elementor-element-f728b91 e-flex e-con-boxed e-con e-child\" data-id=\"f728b91\" data-element_type=\"container\" data-e-type=\"container\">\n\t\t\t\t\t<div class=\"e-con-inner\">\n\t\t\t\t<div class=\"elementor-element elementor-element-2e74313 elementor-widget elementor-widget-heading\" data-id=\"2e74313\" data-element_type=\"widget\" data-e-type=\"widget\" data-widget_type=\"heading.default\">\n\t\t\t\t\t<h2 class=\"elementor-heading-title elementor-size-default\">Publica m\u00e1s deprisa<\/h2>\t\t\t\t<\/div>\n\t\t\t\t<div class=\"elementor-element elementor-element-7fa4b54 elementor-widget elementor-widget-heading\" data-id=\"7fa4b54\" data-element_type=\"widget\" data-e-type=\"widget\" data-widget_type=\"heading.default\">\n\t\t\t\t\t<h2 class=\"elementor-heading-title elementor-size-default\">Hazlo f\u00e1cil<\/h2>\t\t\t\t<\/div>\n\t\t\t\t<div class=\"elementor-element elementor-element-29f9fd8 elementor-widget elementor-widget-text-editor\" data-id=\"29f9fd8\" data-element_type=\"widget\" data-e-type=\"widget\" data-widget_type=\"text-editor.default\">\n\t\t\t\t\t\t\t\t\t<p>Crea contenido relevante de calidad editorial con IA. Opciones avanzadas de SEO, programa tu calendario de publicaciones y ahorra mucho tiempo. <\/p>\t\t\t\t\t\t\t\t<\/div>\n\t\t\t\t<div class=\"elementor-element elementor-element-70a1bc8 elementor-mobile-align-center elementor-align-center elementor-widget elementor-widget-button\" data-id=\"70a1bc8\" data-element_type=\"widget\" data-e-type=\"widget\" data-widget_type=\"button.default\">\n\t\t\t\t\t\t\t\t\t\t<a class=\"elementor-button elementor-button-link elementor-size-sm\" href=\"https:\/\/app.neotype.ai\/\">\n\t\t\t\t\t\t<span class=\"elementor-button-content-wrapper\">\n\t\t\t\t\t\t\t\t\t<span class=\"elementor-button-text\">Comienza ahora<\/span>\n\t\t\t\t\t<\/span>\n\t\t\t\t\t<\/a>\n\t\t\t\t\t\t\t\t<\/div>\n\t\t\t\t\t<\/div>\n\t\t\t\t<\/div>\n\t\t\t\t<\/div>\n\t\t\t\t\t<\/div>\n\t\t\t\t<\/div>\n\t\t\t\t<\/div>\n\t\t","protected":false},"excerpt":{"rendered":"<p>Documento legal Neotype Por favor, lee todas las secciones de este Aviso Legal antes de utilizar este sitio web. Las siguientes condiciones son vinculantes para cualquier usuario del mismo. En cumplimiento con el deber de informaci\u00f3n recogido en la Ley 34\/2002, de 11 de julio, de Servicios de la Sociedad de la Informaci\u00f3n y de [&hellip;]<\/p>\n","protected":false},"author":1,"featured_media":0,"parent":0,"menu_order":0,"comment_status":"closed","ping_status":"closed","template":"","meta":{"footnotes":""},"class_list":["post-1505","page","type-page","status-publish","hentry"],"_links":{"self":[{"href":"https:\/\/neotype.ai\/es\/wp-json\/wp\/v2\/pages\/1505","targetHints":{"allow":["GET"]}}],"collection":[{"href":"https:\/\/neotype.ai\/es\/wp-json\/wp\/v2\/pages"}],"about":[{"href":"https:\/\/neotype.ai\/es\/wp-json\/wp\/v2\/types\/page"}],"author":[{"embeddable":true,"href":"https:\/\/neotype.ai\/es\/wp-json\/wp\/v2\/users\/1"}],"replies":[{"embeddable":true,"href":"https:\/\/neotype.ai\/es\/wp-json\/wp\/v2\/comments?post=1505"}],"version-history":[{"count":7,"href":"https:\/\/neotype.ai\/es\/wp-json\/wp\/v2\/pages\/1505\/revisions"}],"predecessor-version":[{"id":4108,"href":"https:\/\/neotype.ai\/es\/wp-json\/wp\/v2\/pages\/1505\/revisions\/4108"}],"wp:attachment":[{"href":"https:\/\/neotype.ai\/es\/wp-json\/wp\/v2\/media?parent=1505"}],"curies":[{"name":"wp","href":"https:\/\/api.w.org\/{rel}","templated":true}]}}